{"id":15,"date":"2024-07-01T11:39:54","date_gmt":"2024-07-01T09:39:54","guid":{"rendered":"https:\/\/tictacsax.com\/?page_id=15"},"modified":"2025-05-20T12:26:28","modified_gmt":"2025-05-20T10:26:28","slug":"inicio","status":"publish","type":"page","link":"https:\/\/tictacsax.com\/","title":{"rendered":"Inicio"},"content":{"rendered":"","protected":false},"excerpt":{"rendered":"","protected":false},"author":1,"featured_media":0,"parent":0,"menu_order":0,"comment_status":"closed","ping_status":"closed","template":"","meta":{"_acf_changed":false,"footnotes":""},"class_list":["post-15","page","type-page","status-publish","hentry"],"acf":[],"yoast_head":"<!-- This site is optimized with the Yoast SEO plugin v25.1 - https:\/\/yoast.com\/wordpress\/plugins\/seo\/ -->\n<title>Inicio - TicTacSax<\/title>\n<meta name=\"description\" content=\"Saxofonista para bodas en directo con DJ y equipo profesional. En Tic Tac Sax hacemos de tu boda un evento \u00fanico con m\u00fasica personalizada y energ\u00eda en cada nota. \u00a1Reserva ya!\" \/>\n<meta name=\"robots\" content=\"index, follow, max-snippet:-1, max-image-preview:large, max-video-preview:-1\" \/>\n<link rel=\"canonical\" href=\"https:\/\/tictacsax.com\/\" \/>\n<meta property=\"og:locale\" content=\"es_ES\" \/>\n<meta property=\"og:type\" content=\"article\" \/>\n<meta property=\"og:title\" content=\"Inicio - TicTacSax\" \/>\n<meta property=\"og:description\" content=\"Saxofonista para bodas en directo con DJ y equipo profesional. En Tic Tac Sax hacemos de tu boda un evento \u00fanico con m\u00fasica personalizada y energ\u00eda en cada nota. \u00a1Reserva ya!\" \/>\n<meta property=\"og:url\" content=\"https:\/\/tictacsax.com\/\" \/>\n<meta property=\"og:site_name\" content=\"TicTacSax\" \/>\n<meta property=\"article:publisher\" content=\"https:\/\/www.facebook.com\/tictacsax\/\" \/>\n<meta property=\"article:modified_time\" content=\"2025-05-20T10:26:28+00:00\" \/>\n<meta name=\"twitter:card\" content=\"summary_large_image\" \/>\n<script type=\"application\/ld+json\" class=\"yoast-schema-graph\">{\"@context\":\"https:\/\/schema.org\",\"@graph\":[{\"@type\":\"WebPage\",\"@id\":\"https:\/\/tictacsax.com\/\",\"url\":\"https:\/\/tictacsax.com\/\",\"name\":\"Inicio - TicTacSax\",\"isPartOf\":{\"@id\":\"https:\/\/tictacsax.com\/#website\"},\"datePublished\":\"2024-07-01T09:39:54+00:00\",\"dateModified\":\"2025-05-20T10:26:28+00:00\",\"description\":\"Saxofonista para bodas en directo con DJ y equipo profesional. En Tic Tac Sax hacemos de tu boda un evento \u00fanico con m\u00fasica personalizada y energ\u00eda en cada nota. \u00a1Reserva ya!\",\"breadcrumb\":{\"@id\":\"https:\/\/tictacsax.com\/#breadcrumb\"},\"inLanguage\":\"es\",\"potentialAction\":[{\"@type\":\"ReadAction\",\"target\":[\"https:\/\/tictacsax.com\/\"]}]},{\"@type\":\"BreadcrumbList\",\"@id\":\"https:\/\/tictacsax.com\/#breadcrumb\",\"itemListElement\":[{\"@type\":\"ListItem\",\"position\":1,\"name\":\"Portada\",\"item\":\"https:\/\/tictacsax.com\/\"},{\"@type\":\"ListItem\",\"position\":2,\"name\":\"Inicio\"}]},{\"@type\":\"WebSite\",\"@id\":\"https:\/\/tictacsax.com\/#website\",\"url\":\"https:\/\/tictacsax.com\/\",\"name\":\"TicTacSax\",\"description\":\"\",\"publisher\":{\"@id\":\"https:\/\/tictacsax.com\/#organization\"},\"potentialAction\":[{\"@type\":\"SearchAction\",\"target\":{\"@type\":\"EntryPoint\",\"urlTemplate\":\"https:\/\/tictacsax.com\/?s={search_term_string}\"},\"query-input\":{\"@type\":\"PropertyValueSpecification\",\"valueRequired\":true,\"valueName\":\"search_term_string\"}}],\"inLanguage\":\"es\"},{\"@type\":\"Organization\",\"@id\":\"https:\/\/tictacsax.com\/#organization\",\"name\":\"TicTacSax\",\"url\":\"https:\/\/tictacsax.com\/\",\"logo\":{\"@type\":\"ImageObject\",\"inLanguage\":\"es\",\"@id\":\"https:\/\/tictacsax.com\/#\/schema\/logo\/image\/\",\"url\":\"https:\/\/tictacsax.com\/wp-content\/uploads\/2024\/07\/Imagen-de-WhatsApp-2024-07-02-a-las-09.55.36_c9be05cb.jpg\",\"contentUrl\":\"https:\/\/tictacsax.com\/wp-content\/uploads\/2024\/07\/Imagen-de-WhatsApp-2024-07-02-a-las-09.55.36_c9be05cb.jpg\",\"width\":1600,\"height\":1090,\"caption\":\"TicTacSax\"},\"image\":{\"@id\":\"https:\/\/tictacsax.com\/#\/schema\/logo\/image\/\"},\"sameAs\":[\"https:\/\/www.facebook.com\/tictacsax\/\",\"https:\/\/www.instagram.com\/tic_tac_sax\/\",\"https:\/\/www.bodas.net\/musica\/tic-tac-sax--e189849\"]}]}<\/script>\n<!-- \/ Yoast SEO plugin. -->","yoast_head_json":{"title":"Inicio - TicTacSax","description":"Saxofonista para bodas en directo con DJ y equipo profesional. En Tic Tac Sax hacemos de tu boda un evento \u00fanico con m\u00fasica personalizada y energ\u00eda en cada nota. \u00a1Reserva ya!","robots":{"index":"index","follow":"follow","max-snippet":"max-snippet:-1","max-image-preview":"max-image-preview:large","max-video-preview":"max-video-preview:-1"},"canonical":"https:\/\/tictacsax.com\/","og_locale":"es_ES","og_type":"article","og_title":"Inicio - TicTacSax","og_description":"Saxofonista para bodas en directo con DJ y equipo profesional. En Tic Tac Sax hacemos de tu boda un evento \u00fanico con m\u00fasica personalizada y energ\u00eda en cada nota. \u00a1Reserva ya!","og_url":"https:\/\/tictacsax.com\/","og_site_name":"TicTacSax","article_publisher":"https:\/\/www.facebook.com\/tictacsax\/","article_modified_time":"2025-05-20T10:26:28+00:00","twitter_card":"summary_large_image","schema":{"@context":"https:\/\/schema.org","@graph":[{"@type":"WebPage","@id":"https:\/\/tictacsax.com\/","url":"https:\/\/tictacsax.com\/","name":"Inicio - TicTacSax","isPartOf":{"@id":"https:\/\/tictacsax.com\/#website"},"datePublished":"2024-07-01T09:39:54+00:00","dateModified":"2025-05-20T10:26:28+00:00","description":"Saxofonista para bodas en directo con DJ y equipo profesional. En Tic Tac Sax hacemos de tu boda un evento \u00fanico con m\u00fasica personalizada y energ\u00eda en cada nota. \u00a1Reserva ya!","breadcrumb":{"@id":"https:\/\/tictacsax.com\/#breadcrumb"},"inLanguage":"es","potentialAction":[{"@type":"ReadAction","target":["https:\/\/tictacsax.com\/"]}]},{"@type":"BreadcrumbList","@id":"https:\/\/tictacsax.com\/#breadcrumb","itemListElement":[{"@type":"ListItem","position":1,"name":"Portada","item":"https:\/\/tictacsax.com\/"},{"@type":"ListItem","position":2,"name":"Inicio"}]},{"@type":"WebSite","@id":"https:\/\/tictacsax.com\/#website","url":"https:\/\/tictacsax.com\/","name":"TicTacSax","description":"","publisher":{"@id":"https:\/\/tictacsax.com\/#organization"},"potentialAction":[{"@type":"SearchAction","target":{"@type":"EntryPoint","urlTemplate":"https:\/\/tictacsax.com\/?s={search_term_string}"},"query-input":{"@type":"PropertyValueSpecification","valueRequired":true,"valueName":"search_term_string"}}],"inLanguage":"es"},{"@type":"Organization","@id":"https:\/\/tictacsax.com\/#organization","name":"TicTacSax","url":"https:\/\/tictacsax.com\/","logo":{"@type":"ImageObject","inLanguage":"es","@id":"https:\/\/tictacsax.com\/#\/schema\/logo\/image\/","url":"https:\/\/tictacsax.com\/wp-content\/uploads\/2024\/07\/Imagen-de-WhatsApp-2024-07-02-a-las-09.55.36_c9be05cb.jpg","contentUrl":"https:\/\/tictacsax.com\/wp-content\/uploads\/2024\/07\/Imagen-de-WhatsApp-2024-07-02-a-las-09.55.36_c9be05cb.jpg","width":1600,"height":1090,"caption":"TicTacSax"},"image":{"@id":"https:\/\/tictacsax.com\/#\/schema\/logo\/image\/"},"sameAs":["https:\/\/www.facebook.com\/tictacsax\/","https:\/\/www.instagram.com\/tic_tac_sax\/","https:\/\/www.bodas.net\/musica\/tic-tac-sax--e189849"]}]}},"_links":{"self":[{"href":"https:\/\/tictacsax.com\/index.php?rest_route=\/wp\/v2\/pages\/15","targetHints":{"allow":["GET"]}}],"collection":[{"href":"https:\/\/tictacsax.com\/index.php?rest_route=\/wp\/v2\/pages"}],"about":[{"href":"https:\/\/tictacsax.com\/index.php?rest_route=\/wp\/v2\/types\/page"}],"author":[{"embeddable":true,"href":"https:\/\/tictacsax.com\/index.php?rest_route=\/wp\/v2\/users\/1"}],"replies":[{"embeddable":true,"href":"https:\/\/tictacsax.com\/index.php?rest_route=%2Fwp%2Fv2%2Fcomments&post=15"}],"version-history":[{"count":1,"href":"https:\/\/tictacsax.com\/index.php?rest_route=\/wp\/v2\/pages\/15\/revisions"}],"predecessor-version":[{"id":16,"href":"https:\/\/tictacsax.com\/index.php?rest_route=\/wp\/v2\/pages\/15\/revisions\/16"}],"wp:attachment":[{"href":"https:\/\/tictacsax.com\/index.php?rest_route=%2Fwp%2Fv2%2Fmedia&parent=15"}],"curies":[{"name":"wp","href":"https:\/\/api.w.org\/{rel}","templated":true}]}}